{"id":6,"date":"2024-03-30T17:24:06","date_gmt":"2024-03-30T22:24:06","guid":{"rendered":"https:\/\/homelaundrymedellin.com\/?page_id=6"},"modified":"2026-02-02T08:47:08","modified_gmt":"2026-02-02T13:47:08","slug":"home","status":"publish","type":"page","link":"https:\/\/homelaundrymedellin.com\/","title":{"rendered":"Home"},"content":{"rendered":"\n<div class=\"wp-block-cover alignfull\"><span aria-hidden=\"true\" class=\"wp-block-cover__background has-accent-background-color has-background-dim\"><\/span><video class=\"wp-block-cover__video-background intrinsic-ignore\" autoplay muted loop playsinline src=\"https:\/\/homelaundrymedellin.com\/wp-content\/uploads\/2024\/03\/WhatsApp-Video-2024-03-30-at-5.46.34-PM.mp4\" data-object-fit=\"cover\"><\/video><div class=\"wp-block-cover__inner-container has-global-padding is-layout-constrained wp-block-cover-is-layout-constrained\">\n<h2 class=\"wp-block-heading has-text-align-center has-base-2-color has-text-color has-link-color wp-elements-18ecf4924308056e54a2f024dd7055fa\"><strong>Lavado y secado r\u00e1pido, eficiente y econ\u00f3mico.<\/strong><\/h2>\n<\/div><\/div>\n\n\n\n<div class=\"wp-block-group alignfull has-global-padding is-layout-constrained wp-container-core-group-is-layout-1 wp-block-group-is-layout-constrained\" style=\"margin-top:0;margin-bottom:0;padding-top:var(--wp--preset--spacing--50);padding-right:var(--wp--preset--spacing--50);padding-bottom:var(--wp--preset--spacing--50);padding-left:var(--wp--preset--spacing--50)\">\n<div class=\"wp-block-columns alignwide are-vertically-aligned-center is-layout-flex wp-container-core-columns-is-layout-1 wp-block-columns-is-layout-flex\">\n<div class=\"wp-block-column is-vertically-aligned-center is-layout-flow wp-block-column-is-layout-flow\" style=\"flex-basis:40%\">\n<h2 class=\"wp-block-heading has-accent-color has-text-color has-link-color wp-elements-16cb319ae81e2912a18cbb9e325d60bd\"><strong>Como llegar<\/strong><\/h2>\n\n\n\n<p>Calle 44A #70-89<br>Ed. Los Palmares<\/p>\n\n\n\n<div class=\"wp-block-buttons is-layout-flex wp-block-buttons-is-layout-flex\">\n<div class=\"wp-block-button\"><a class=\"wp-block-button__link wp-element-button\" href=\"http:\/\/wa.me\/573052456860\" target=\"_blank\" rel=\"noreferrer noopener\"> Contactar <\/a><\/div>\n\n\n\n<div class=\"wp-block-button\"><a class=\"wp-block-button__link has-accent-background-color has-background wp-element-button\" href=\"https:\/\/maps.app.goo.gl\/NJW751uFgZcyBx6QA\" target=\"_blank\" rel=\"noreferrer noopener\">Google Maps<\/a><\/div>\n<\/div>\n<\/div>\n\n\n\n<div class=\"wp-block-column is-vertically-aligned-center is-layout-flow wp-block-column-is-layout-flow\" style=\"flex-basis:60%\">\n<iframe src=\"https:\/\/www.google.com\/maps\/embed?pb=!1m14!1m8!1m3!1d1766.3882343129915!2d-75.5900227135857!3d6.249799873606987!3m2!1i1024!2i768!4f13.1!3m3!1m2!1s0x8e4429a0a79d67f5%3A0x37a5fa28e2aa231c!2sLavander%C3%ADa%20Home%20Laundry!5e0!3m2!1ses!2sco!4v1728046214267!5m2!1ses!2sco\" width=\"600\" height=\"450\" style=\"border:0;\" allowfullscreen=\"\" loading=\"lazy\" referrerpolicy=\"no-referrer-when-downgrade\"><\/iframe>\n<\/div>\n<\/div>\n<\/div>\n\n\n\n<figure class=\"wp-block-video\"><video autoplay controls loop src=\"https:\/\/homelaundrymedellin.com\/wp-content\/uploads\/2024\/10\/homelandry-ubicacion.mp4\"><\/video><\/figure>\n\n\n\n<div class=\"wp-block-group alignfull has-global-padding is-layout-constrained wp-container-core-group-is-layout-4 wp-block-group-is-layout-constrained\">\n<h3 class=\"wp-block-heading alignwide has-text-align-left has-accent-color has-text-color has-link-color wp-elements-5859d996467cb212fc452256cd7d5243\"><strong>Nosotros<\/strong><\/h3>\n\n\n\n<div class=\"wp-block-columns alignwide is-layout-flex wp-container-core-columns-is-layout-2 wp-block-columns-is-layout-flex\">\n<div class=\"wp-block-column is-layout-flow wp-block-column-is-layout-flow\">\n<div class=\"wp-block-group has-global-padding is-layout-constrained wp-block-group-is-layout-constrained\">\n<p><strong>Somos la lavander\u00eda Home Laundry, comprendemos que tu tiempo es valioso y que el lavado de ropa puede ser una tarea tediosa.<\/strong><\/p>\n\n\n\n<p>Por eso, nos hemos dedicado a crear un espacio <strong>c\u00f3modo y agradable<\/strong> donde puedas <strong>lavar y secar tu ropa<\/strong> de forma r\u00e1pida y sencilla, o si prefieres, <strong>dejarla en nuestras manos<\/strong> y disfrutar de tu tiempo libre.<\/p>\n\n\n\n<div class=\"wp-block-cover\" style=\"border-radius:20px;min-height:332px;aspect-ratio:unset;\"><span aria-hidden=\"true\" class=\"wp-block-cover__background has-background-dim-20 has-background-dim\"><\/span><img loading=\"lazy\" decoding=\"async\" width=\"638\" height=\"1024\" class=\"wp-block-cover__image-background wp-image-34\" alt=\"\" src=\"https:\/\/homelaundrymedellin.com\/wp-content\/uploads\/2024\/03\/WhatsApp-Image-2024-03-30-at-5.46.31-PM-1-638x1024.jpeg\" style=\"object-position:27% 58%\" data-object-fit=\"cover\" data-object-position=\"27% 58%\" srcset=\"https:\/\/homelaundrymedellin.com\/wp-content\/uploads\/2024\/03\/WhatsApp-Image-2024-03-30-at-5.46.31-PM-1-638x1024.jpeg 638w, https:\/\/homelaundrymedellin.com\/wp-content\/uploads\/2024\/03\/WhatsApp-Image-2024-03-30-at-5.46.31-PM-1-187x300.jpeg 187w, https:\/\/homelaundrymedellin.com\/wp-content\/uploads\/2024\/03\/WhatsApp-Image-2024-03-30-at-5.46.31-PM-1-768x1233.jpeg 768w, https:\/\/homelaundrymedellin.com\/wp-content\/uploads\/2024\/03\/WhatsApp-Image-2024-03-30-at-5.46.31-PM-1.jpeg 797w\" sizes=\"(max-width: 638px) 100vw, 638px\" \/><div class=\"wp-block-cover__inner-container is-layout-flow wp-block-cover-is-layout-flow\">\n<p class=\"has-text-align-center has-large-font-size\"><\/p>\n<\/div><\/div>\n<\/div>\n<\/div>\n\n\n\n<div class=\"wp-block-column is-layout-flow wp-block-column-is-layout-flow\">\n<div class=\"wp-block-group has-global-padding is-layout-constrained wp-block-group-is-layout-constrained\">\n<h4 class=\"wp-block-heading\"><strong>Te ofrecemos:<\/strong><\/h4>\n\n\n\n<ul class=\"wp-block-list\">\n<li><strong>Modernas lavadoras y secadoras<\/strong>&nbsp;de alta eficiencia que te ahorrar\u00e1n tiempo y dinero.<\/li>\n\n\n\n<li><strong>Un ambiente acogedor<\/strong>&nbsp;con Wi-Fi, TV, m\u00fasica y caf\u00e9 para que disfrutes mientras esperas.<\/li>\n\n\n\n<li><strong>Servicio de lavander\u00eda completo<\/strong>&nbsp;con doblado de ropa sin costo adicional.<\/li>\n\n\n\n<li><strong>Atenci\u00f3n personalizada<\/strong>&nbsp;por parte de nuestro equipo amable y profesional.<\/li>\n<\/ul>\n\n\n\n<p><strong>En Lavander\u00eda Home Laundry, nos preocupamos por tu comodidad y satisfacci\u00f3n.<\/strong><\/p>\n\n\n\n<p><strong>Ven a conocernos y descubre la mejor experiencia de lavander\u00eda en Medell\u00edn.<\/strong><\/p>\n<\/div>\n<\/div>\n<\/div>\n<\/div>\n\n\n\n<div class=\"wp-block-group alignfull has-global-padding is-layout-constrained wp-container-core-group-is-layout-10 wp-block-group-is-layout-constrained\" style=\"padding-top:var(--wp--preset--spacing--30);padding-right:var(--wp--preset--spacing--30);padding-bottom:var(--wp--preset--spacing--30);padding-left:var(--wp--preset--spacing--30)\">\n<div class=\"wp-block-columns alignwide is-layout-flex wp-container-core-columns-is-layout-3 wp-block-columns-is-layout-flex\">\n<div class=\"wp-block-column is-layout-flow wp-container-core-column-is-layout-5 wp-block-column-is-layout-flow\">\n<h3 class=\"wp-block-heading has-text-align-center is-style-default has-accent-color has-text-color has-link-color wp-elements-80afa0730fa11c46d21bdc5afc5ff613\" style=\"margin-top:0;margin-right:0;margin-bottom:0;margin-left:0\"><strong>Servicios<\/strong><\/h3>\n\n\n\n<div class=\"wp-block-group is-content-justification-center is-nowrap is-layout-flex wp-container-core-group-is-layout-6 wp-block-group-is-layout-flex\">\n<div class=\"wp-block-group has-border-color has-base-2-background-color has-background is-vertical is-nowrap is-layout-flex wp-container-core-group-is-layout-5 wp-block-group-is-layout-flex\" style=\"border-color:#005ba9;border-width:1px;border-radius:20px;padding-top:var(--wp--preset--spacing--10);padding-right:var(--wp--preset--spacing--10);padding-bottom:var(--wp--preset--spacing--10);padding-left:var(--wp--preset--spacing--10)\">\n<p style=\"font-style:normal;font-weight:500\"><strong>Lavado y secado Light<\/strong> por $ 26.000<\/p>\n\n\n\n<p>No te quedes sin lavar r\u00e1pido tus prendas favoritas&#8230;<br>4 camisas con medias e interiores \u00f3 dos camisas, un pantal\u00f3n con medias e interiores.<\/p>\n\n\n\n<p>______<\/p>\n\n\n\n<p><strong>Doblado<\/strong><\/p>\n\n\n\n<p>Si lo deseas podemos hacer todo el proceso por ti y te entregamos la ropa a dem\u00e1s de limpia y seca, doblada <br>(Aplica \u00fanicamente para ciclo completo de lavado y secado).<\/p>\n<\/div>\n<\/div>\n\n\n\n<div class=\"wp-block-group has-base-2-background-color has-background is-nowrap is-layout-flex wp-container-core-group-is-layout-9 wp-block-group-is-layout-flex\">\n<div class=\"wp-block-group has-border-color has-base-2-background-color has-background is-vertical is-content-justification-left is-nowrap is-layout-flex wp-container-core-group-is-layout-7 wp-block-group-is-layout-flex\" style=\"border-color:#005ba9;border-width:1px;border-radius:20px;padding-top:var(--wp--preset--spacing--10);padding-right:var(--wp--preset--spacing--10);padding-bottom:var(--wp--preset--spacing--10);padding-left:var(--wp--preset--spacing--10)\">\n<p style=\"font-style:normal;font-weight:500\"><strong>Lavado<\/strong> por $ 17.000<\/p>\n\n\n\n<p>Lavado en 40 en minutos de un ciclo de ropa hasta de 8 kilos.<\/p>\n\n\n\n<p>_______________<\/p>\n<\/div>\n\n\n\n<div class=\"wp-block-group has-border-color has-base-2-background-color has-background is-vertical is-nowrap is-layout-flex wp-container-core-group-is-layout-8 wp-block-group-is-layout-flex\" style=\"border-color:#005ba9;border-width:1px;border-radius:20px;padding-top:var(--wp--preset--spacing--10);padding-right:var(--wp--preset--spacing--10);padding-bottom:var(--wp--preset--spacing--10);padding-left:var(--wp--preset--spacing--10)\">\n<p style=\"font-style:normal;font-weight:500\"><strong>Secado<\/strong> por $ 17.000<\/p>\n\n\n\n<p>Secado en 40 minutos en un ciclo de ropa de hasta 8 kilos.<\/p>\n\n\n\n<p>__________<\/p>\n<\/div>\n<\/div>\n<\/div>\n<\/div>\n<\/div>\n\n\n\n<p><\/p>\n","protected":false},"excerpt":{"rendered":"<p>Como llegar Calle 44A #70-89Ed. Los Palmares Nosotros Somos la lavander\u00eda Home Laundry, comprendemos que tu tiempo es valioso y que el lavado de ropa puede ser una tarea tediosa. Por eso, nos hemos dedicado a crear un espacio c\u00f3modo y agradable donde puedas lavar y secar tu ropa de forma r\u00e1pida y sencilla, o [&hellip;]<\/p>\n","protected":false},"author":1,"featured_media":0,"parent":0,"menu_order":0,"comment_status":"closed","ping_status":"closed","template":"","meta":{"_joinchat":[],"footnotes":""},"class_list":["post-6","page","type-page","status-publish","hentry"],"_links":{"self":[{"href":"https:\/\/homelaundrymedellin.com\/index.php\/wp-json\/wp\/v2\/pages\/6"}],"collection":[{"href":"https:\/\/homelaundrymedellin.com\/index.php\/wp-json\/wp\/v2\/pages"}],"about":[{"href":"https:\/\/homelaundrymedellin.com\/index.php\/wp-json\/wp\/v2\/types\/page"}],"author":[{"embeddable":true,"href":"https:\/\/homelaundrymedellin.com\/index.php\/wp-json\/wp\/v2\/users\/1"}],"replies":[{"embeddable":true,"href":"https:\/\/homelaundrymedellin.com\/index.php\/wp-json\/wp\/v2\/comments?post=6"}],"version-history":[{"count":61,"href":"https:\/\/homelaundrymedellin.com\/index.php\/wp-json\/wp\/v2\/pages\/6\/revisions"}],"predecessor-version":[{"id":122,"href":"https:\/\/homelaundrymedellin.com\/index.php\/wp-json\/wp\/v2\/pages\/6\/revisions\/122"}],"wp:attachment":[{"href":"https:\/\/homelaundrymedellin.com\/index.php\/wp-json\/wp\/v2\/media?parent=6"}],"curies":[{"name":"wp","href":"https:\/\/api.w.org\/{rel}","templated":true}]}}